{"id":4589,"date":"2025-10-16T00:01:23","date_gmt":"2025-10-16T00:01:23","guid":{"rendered":"https:\/\/orallagos.pt\/cookies\/"},"modified":"2025-11-05T13:19:05","modified_gmt":"2025-11-05T13:19:05","slug":"cookies","status":"publish","type":"page","link":"https:\/\/orallagos.pt\/fr\/cookies\/","title":{"rendered":"Cookies"},"content":{"rendered":"\t\t<div data-elementor-type=\"wp-page\" data-elementor-id=\"4589\" class=\"elementor elementor-4589 elementor-3565\" data-elementor-post-type=\"page\">\n\t\t\t\t<div class=\"elementor-element elementor-element-b31a0c5 e-flex e-con-boxed pxl-column-none pxl-row-scroll-none pxl-zoom-point-false pxl-section-overflow-visible pxl-section-fix-none pxl-full-content-with-space-none pxl-bg-color-none pxl-section-overlay-none e-con e-parent \" data-id=\"b31a0c5\" data-element_type=\"container\" data-e-type=\"container\">\t\t\t<div class=\"e-con-inner\">\r\n\t\t\t\t<div class=\"elementor-element elementor-element-652167f elementor-widget elementor-widget-spacer\" data-id=\"652167f\" data-element_type=\"widget\" data-e-type=\"widget\" data-widget_type=\"spacer.default\">\n\t\t\t\t\t\t\t<div class=\"elementor-spacer\">\n\t\t\t<div class=\"elementor-spacer-inner\"><\/div>\n\t\t<\/div>\n\t\t\t\t\t\t<\/div>\n\t\t\t\t<div class=\"elementor-element elementor-element-4ac028e elementor-widget elementor-widget-text-editor\" data-id=\"4ac028e\" data-element_type=\"widget\" data-e-type=\"widget\" data-widget_type=\"text-editor.default\">\n\t\t\t\t\t\t\t\t\t<header class=\"entry-header \"><h1 class=\"entry-title\">Politique en mati\u00e8re de cookies<\/h1><\/header><div class=\"entry-content clear\"><p>Il s\u2019agit de la politique en mati\u00e8re de cookies de la Clinique M\u00e9dico-Dentaire d\u2019Orallagos, accessible \u00e0 l\u2019adresse www.orallagos.pt<\/p><div class=\"wp-block-spacer\" aria-hidden=\"true\"> <\/div><h2 class=\"wp-block-heading\">Que sont les cookies ?<\/h2><p>Comme c\u2019est la pratique courante sur presque tous les sites Web professionnels, ce site Web utilise des cookies, qui sont de petits fichiers t\u00e9l\u00e9charg\u00e9s sur votre ordinateur afin que nous puissions am\u00e9liorer votre exp\u00e9rience de navigation. Cette page d\u00e9crit les informations que ces cookies collectent, comment nous les utilisons et pourquoi nous devons parfois stocker ces cookies. Nous vous montrerons \u00e9galement comment vous pouvez emp\u00eacher le stockage de ces cookies, mais cela peut diminuer ou \u00ab casser \u00bb certains \u00e9l\u00e9ments de la fonctionnalit\u00e9 du site.  <\/p><div class=\"wp-block-spacer\" aria-hidden=\"true\"> <\/div><h2 class=\"wp-block-heading\">Comment utilisons-nous les cookies ?<\/h2><p>Nous utilisons des cookies pour diverses raisons, que nous pr\u00e9sentons ci-dessous. Malheureusement, dans la plupart des cas, l\u2019industrie ne propose pas d\u2019options standard pour d\u00e9sactiver les cookies sans d\u00e9sactiver compl\u00e8tement les fonctionnalit\u00e9s et les caract\u00e9ristiques que les cookies ajoutent \u00e0 ce site Web. Par cons\u00e9quent, il est recommand\u00e9 de laisser tous les cookies activ\u00e9s si vous n\u2019\u00eates pas s\u00fbr d\u2019en avoir besoin, car ils peuvent \u00eatre utilis\u00e9s pour fournir un service que vous utilisez.  <\/p><div class=\"wp-block-spacer\" aria-hidden=\"true\"> <\/div><h2 class=\"wp-block-heading\">D\u00e9sactiver les cookies<\/h2><p>Vous pouvez emp\u00eacher l\u2019installation de cookies en ajustant les param\u00e8tres de votre navigateur (voir l\u2019aide de votre navigateur pour savoir comment proc\u00e9der). Vous devez savoir que la d\u00e9sactivation des cookies affectera la fonctionnalit\u00e9 de ce site Web et de nombreux autres sites Web que vous visitez. La d\u00e9sactivation des cookies entra\u00eenera normalement la d\u00e9sactivation de certaines fonctionnalit\u00e9s et caract\u00e9ristiques de ce site Web. Par cons\u00e9quent, il est recommand\u00e9 de ne pas d\u00e9sactiver les cookies.   <\/p><div class=\"wp-block-spacer\" aria-hidden=\"true\"> <\/div><h4 class=\"wp-block-heading\">G\u00e9rer les param\u00e8tres des cookies<\/h4><p>Vous pouvez g\u00e9rer vos cookies via les param\u00e8tres de votre navigateur, g\u00e9n\u00e9ralement disponibles dans le menu \u00ab options \u00bb ou \u00ab pr\u00e9f\u00e9rences \u00bb. Les liens suivants vous aident \u00e0 mieux comprendre les param\u00e8tres disponibles pour certains navigateurs. Le menu \u00ab Aide \u00bb de votre navigateur compl\u00e8te ces informations.  <\/p><ul class=\"wp-block-list\"><li><a href=\"https:\/\/support.microsoft.com\/en-us\/help\/17442\/windows-internet-explorer-delete-manage-cookies\" target=\"_blank\" rel=\"noopener\">Param\u00e8tres des cookies dans Internet Explorer<\/a><\/li><li><a href=\"https:\/\/support.mozilla.org\/en-US\/kb\/enable-and-disable-cookies-website-preferences\" target=\"_blank\" rel=\"noopener\">Param\u00e8tres des cookies dans Firefox<\/a><\/li><li><a href=\"https:\/\/support.google.com\/chrome\/answer\/95647?hl=en\" target=\"_blank\" rel=\"noopener\">Param\u00e8tres des cookies dans Chrome<\/a><\/li><li><a href=\"https:\/\/support.apple.com\/en-gb\/guide\/safari\/sfri11471\/mac\" target=\"_blank\" rel=\"noopener\">Param\u00e8tres des cookies dans Safari<\/a><\/li><\/ul><div class=\"wp-block-spacer\" aria-hidden=\"true\"> <\/div><h4 class=\"wp-block-heading\">Plus d\u2019informations<\/h4><p>Pour plus d\u2019informations sur les cookies, y compris le param\u00e9trage de votre navigateur pour qu\u2019il les rejette, consultez <a href=\"https:\/\/www.allaboutcookies.org\/\" target=\"_blank\" rel=\"noopener\">la page Tout sur les cookies.<\/a><\/p><div class=\"wp-block-spacer\" aria-hidden=\"true\"> <\/div><h2 class=\"wp-block-heading\">Les cookies que nous d\u00e9posons<\/h2><h4 class=\"wp-block-heading\">Cookies li\u00e9s aux newsletters par e-mail<\/h4><p>Ce site Web propose des bulletins d\u2019information ou des services d\u2019abonnement par e-mail et des cookies peuvent \u00eatre utilis\u00e9s pour se souvenir si vous \u00eates d\u00e9j\u00e0 inscrit et si vous souhaitez afficher certaines notifications qui peuvent n\u2019\u00eatre valables que pour les utilisateurs abonn\u00e9s\/d\u00e9sabonn\u00e9s.<\/p><div class=\"wp-block-spacer\" aria-hidden=\"true\"> <\/div><h4 class=\"wp-block-heading\">Cookies li\u00e9s \u00e0 la recherche<\/h4><p>De temps \u00e0 autre, nous proposons des enqu\u00eates et des questionnaires aupr\u00e8s des utilisateurs pour vous fournir des informations int\u00e9ressantes, des outils utiles ou pour comprendre notre base d\u2019utilisateurs avec plus de pr\u00e9cision. Ces enqu\u00eates peuvent utiliser des cookies pour se souvenir de qui a d\u00e9j\u00e0 particip\u00e9 \u00e0 une enqu\u00eate ou pour fournir des r\u00e9sultats pr\u00e9cis apr\u00e8s avoir chang\u00e9 de page. <\/p><div class=\"wp-block-spacer\" aria-hidden=\"true\"> <\/div><h4 class=\"wp-block-heading\">Cookies li\u00e9s aux formulaires<\/h4><p>Lorsque vous soumettez des donn\u00e9es via un formulaire, tels que ceux qui se trouvent sur les pages de contact, des cookies peuvent \u00eatre d\u00e9finis pour m\u00e9moriser vos donn\u00e9es d\u2019utilisateur pour une correspondance future.<\/p><div class=\"wp-block-spacer\" aria-hidden=\"true\"> <\/div><h4 class=\"wp-block-heading\">Cookies tiers<\/h4><p>Dans certains cas particuliers, nous utilisons \u00e9galement des cookies fournis par des tiers de confiance. La section suivante d\u00e9taille les cookies tiers que vous pouvez rencontrer sur ce site Web. <\/p><p>Ce site Web utilise Google Analytics, l\u2019une des solutions d\u2019analyse les plus r\u00e9pandues et les plus fiables sur le Web, pour nous aider \u00e0 comprendre comment vous utilisez le site Web et comment nous pouvons am\u00e9liorer votre exp\u00e9rience utilisateur. Ces cookies peuvent suivre des \u00e9l\u00e9ments tels que le temps que vous passez sur le site et les pages que vous visitez, afin que nous puissions continuer \u00e0 produire un contenu attrayant. <\/p><p>De temps en temps, nous testons de nouvelles fonctionnalit\u00e9s et apportons des modifications subtiles \u00e0 la fa\u00e7on dont le site est livr\u00e9. Lorsque nous testons encore de nouvelles fonctionnalit\u00e9s, ces cookies peuvent \u00eatre utilis\u00e9s pour garantir que vous recevez une exp\u00e9rience coh\u00e9rente sur le site, ce qui nous permet de comprendre quelles optimisations nos utilisateurs appr\u00e9cient le plus. <\/p><p>Nous utilisons \u00e9galement des boutons et\/ou des plug-ins de m\u00e9dias sociaux sur ce site Web qui vous permettent de vous connecter \u00e0 votre r\u00e9seau social de diff\u00e9rentes mani\u00e8res. Pour que ceux-ci fonctionnent, les sites de m\u00e9dias sociaux suivants comprennent&nbsp;; Facebook et Instagram installeront des cookies via notre site Web qui peuvent \u00eatre utilis\u00e9s pour am\u00e9liorer votre profil sur leur site Web ou contribuer aux donn\u00e9es qu\u2019ils d\u00e9tiennent \u00e0 diverses fins d\u00e9crites dans leurs politiques de confidentialit\u00e9 respectives. <\/p><ul class=\"wp-block-list\"><li>Vous pouvez en savoir plus sur <a href=\"https:\/\/www.facebook.com\/policies\/cookies\/\" target=\"_blank\" rel=\"noopener\" data-type=\"URL\" data-id=\"https:\/\/www.facebook.com\/policies\/cookies\/\">la politique de traitement des donn\u00e9es et de cookies de Facebook<\/a><\/li><li>Vous pouvez obtenir des informations suppl\u00e9mentaires sur la <a href=\"https:\/\/www.google.com\/policies\/privacy\/partners\/\" target=\"_blank\" rel=\"noopener\">collecte de donn\u00e9es par Google Analytics<\/a><\/li><li>Vous pouvez obtenir des informations suppl\u00e9mentaires sur <a href=\"https:\/\/policies.google.com\/privacy\" target=\"_blank\" rel=\"noopener\">la collecte de donn\u00e9es par Youtube<\/a><\/li><li>Vous pouvez en savoir plus sur <a href=\"https:\/\/privacycenter.instagram.com\/policy\/?entry_point=ig_help_center_data_policy_redirect\" target=\"_blank\" rel=\"noopener\">la collecte de donn\u00e9es par Instagram<\/a><\/li><li>Vous pouvez obtenir des informations suppl\u00e9mentaires sur <a href=\"https:\/\/www.linkedin.com\/legal\/privacy-policy?_l=pt_PT\" target=\"_blank\" rel=\"noopener\">la collecte de donn\u00e9es par Linkedin<\/a><\/li><\/ul><div class=\"wp-block-spacer\" aria-hidden=\"true\"> <\/div><h2 class=\"wp-block-heading\">Mises \u00e0 jour de cette politique en mati\u00e8re de cookies<\/h2><p>Nous pouvons modifier cette politique en mati\u00e8re de cookies de temps \u00e0 autre pour refl\u00e9ter les changements juridiques et\/ou les pratiques commerciales, et il est conseill\u00e9 \u00e0 tous les utilisateurs de la consulter p\u00e9riodiquement.<\/p><div class=\"wp-block-spacer\" aria-hidden=\"true\"> <\/div><h2 class=\"wp-block-heading\">Plus d\u2019informations<\/h2><p>Nous esp\u00e9rons que cela a clarifi\u00e9 les choses et, comme mentionn\u00e9 pr\u00e9c\u00e9demment, s\u2019il y a quelque chose dont vous n\u2019\u00eates pas s\u00fbr d\u2019avoir besoin ou non, il est g\u00e9n\u00e9ralement plus s\u00fbr de laisser les cookies activ\u00e9s au cas o\u00f9 vous interagissez avec l\u2019une des fonctionnalit\u00e9s que vous utilisez sur notre site Web.<\/p><p>Si vous avez encore besoin de pr\u00e9cisions, n\u2019h\u00e9sitez pas \u00e0 nous contacter via l\u2019une de nos m\u00e9thodes de contact pr\u00e9f\u00e9r\u00e9es :<\/p><p>Courriel : <strong><a href=\"mailto:orallagos@orallagos.pt\">orallagos@orallagos.pt<\/a><\/strong><\/p><\/div>\t\t\t\t\t\t\t\t<\/div>\n\t\t\t\t<div class=\"elementor-element elementor-element-6f8d0af elementor-widget elementor-widget-spacer\" data-id=\"6f8d0af\" data-element_type=\"widget\" data-e-type=\"widget\" data-widget_type=\"spacer.default\">\n\t\t\t\t\t\t\t<div class=\"elementor-spacer\">\n\t\t\t<div class=\"elementor-spacer-inner\"><\/div>\n\t\t<\/div>\n\t\t\t\t\t\t<\/div>\n\t\t\t\t\t<\/div>\r\n\t\t\t\t<\/div>\r\n\t\t\t\t<\/div>\n\t\t","protected":false},"excerpt":{"rendered":"<p>Politique en mati\u00e8re de cookies Il s\u2019agit de la politique en mati\u00e8re de cookies de la Clinique M\u00e9dico-Dentaire d\u2019Orallagos, accessible \u00e0 l\u2019adresse www.orallagos.pt Que sont les cookies ? Comme c\u2019est la pratique courante sur presque tous les sites Web professionnels, ce site Web utilise des cookies, qui sont de petits fichiers t\u00e9l\u00e9charg\u00e9s sur votre ordinateur [&hellip;]<\/p>\n","protected":false},"author":2,"featured_media":0,"parent":0,"menu_order":0,"comment_status":"closed","ping_status":"closed","template":"","meta":{"footnotes":""},"class_list":["post-4589","page","type-page","status-publish","hentry"],"yoast_head":"<!-- This site is optimized with the Yoast SEO plugin v26.9 - https:\/\/yoast.com\/product\/yoast-seo-wordpress\/ -->\n<title>Cookies - Orallagos<\/title>\n<meta name=\"robots\" content=\"index, follow, max-snippet:-1, max-image-preview:large, max-video-preview:-1\" \/>\n<link rel=\"canonical\" href=\"https:\/\/orallagos.pt\/cookies\/\" \/>\n<meta property=\"og:locale\" content=\"fr_FR\" \/>\n<meta property=\"og:type\" content=\"article\" \/>\n<meta property=\"og:title\" content=\"Cookies - Orallagos\" \/>\n<meta property=\"og:description\" content=\"Politique en mati\u00e8re de cookies Il s\u2019agit de la politique en mati\u00e8re de cookies de la Clinique M\u00e9dico-Dentaire d\u2019Orallagos, accessible \u00e0 l\u2019adresse www.orallagos.pt Que sont les cookies ? Comme c\u2019est la pratique courante sur presque tous les sites Web professionnels, ce site Web utilise des cookies, qui sont de petits fichiers t\u00e9l\u00e9charg\u00e9s sur votre ordinateur [&hellip;]\" \/>\n<meta property=\"og:url\" content=\"https:\/\/orallagos.pt\/cookies\/\" \/>\n<meta property=\"og:site_name\" content=\"Orallagos\" \/>\n<meta property=\"article:publisher\" content=\"https:\/\/www.facebook.com\/orallagosclinica\" \/>\n<meta property=\"article:modified_time\" content=\"2025-11-05T13:19:05+00:00\" \/>\n<meta name=\"twitter:card\" content=\"summary_large_image\" \/>\n<meta name=\"twitter:label1\" content=\"Dur\u00e9e de lecture estim\u00e9e\" \/>\n\t<meta name=\"twitter:data1\" content=\"5 minutes\" \/>\n<script type=\"application\/ld+json\" class=\"yoast-schema-graph\">{\"@context\":\"https:\/\/schema.org\",\"@graph\":[{\"@type\":\"WebPage\",\"@id\":\"https:\/\/orallagos.pt\/cookies\/\",\"url\":\"https:\/\/orallagos.pt\/cookies\/\",\"name\":\"Cookies - Orallagos\",\"isPartOf\":{\"@id\":\"https:\/\/orallagos.pt\/#website\"},\"datePublished\":\"2025-10-16T00:01:23+00:00\",\"dateModified\":\"2025-11-05T13:19:05+00:00\",\"breadcrumb\":{\"@id\":\"https:\/\/orallagos.pt\/cookies\/#breadcrumb\"},\"inLanguage\":\"fr-FR\",\"potentialAction\":[{\"@type\":\"ReadAction\",\"target\":[\"https:\/\/orallagos.pt\/cookies\/\"]}]},{\"@type\":\"BreadcrumbList\",\"@id\":\"https:\/\/orallagos.pt\/cookies\/#breadcrumb\",\"itemListElement\":[{\"@type\":\"ListItem\",\"position\":1,\"name\":\"Home\",\"item\":\"https:\/\/orallagos.pt\/de\/\"},{\"@type\":\"ListItem\",\"position\":2,\"name\":\"Cookies\"}]},{\"@type\":\"WebSite\",\"@id\":\"https:\/\/orallagos.pt\/#website\",\"url\":\"https:\/\/orallagos.pt\/\",\"name\":\"Orallagos\",\"description\":\"\",\"publisher\":{\"@id\":\"https:\/\/orallagos.pt\/#organization\"},\"potentialAction\":[{\"@type\":\"SearchAction\",\"target\":{\"@type\":\"EntryPoint\",\"urlTemplate\":\"https:\/\/orallagos.pt\/?s={search_term_string}\"},\"query-input\":{\"@type\":\"PropertyValueSpecification\",\"valueRequired\":true,\"valueName\":\"search_term_string\"}}],\"inLanguage\":\"fr-FR\"},{\"@type\":\"Organization\",\"@id\":\"https:\/\/orallagos.pt\/#organization\",\"name\":\"Orallagos\",\"url\":\"https:\/\/orallagos.pt\/\",\"logo\":{\"@type\":\"ImageObject\",\"inLanguage\":\"fr-FR\",\"@id\":\"https:\/\/orallagos.pt\/#\/schema\/logo\/image\/\",\"url\":\"https:\/\/orallagos.pt\/wp-content\/uploads\/2025\/08\/cropped-cropped-orallagos-logo-blue-.png\",\"contentUrl\":\"https:\/\/orallagos.pt\/wp-content\/uploads\/2025\/08\/cropped-cropped-orallagos-logo-blue-.png\",\"width\":229,\"height\":63,\"caption\":\"Orallagos\"},\"image\":{\"@id\":\"https:\/\/orallagos.pt\/#\/schema\/logo\/image\/\"},\"sameAs\":[\"https:\/\/www.facebook.com\/orallagosclinica\",\"https:\/\/www.instagram.com\/orallagosclinica\/\",\"https:\/\/www.linkedin.com\/company\/orallagos---centro-dent-rio-especializado\/about\/\"]}]}<\/script>\n<!-- \/ Yoast SEO plugin. -->","yoast_head_json":{"title":"Cookies - Orallagos","robots":{"index":"index","follow":"follow","max-snippet":"max-snippet:-1","max-image-preview":"max-image-preview:large","max-video-preview":"max-video-preview:-1"},"canonical":"https:\/\/orallagos.pt\/cookies\/","og_locale":"fr_FR","og_type":"article","og_title":"Cookies - Orallagos","og_description":"Politique en mati\u00e8re de cookies Il s\u2019agit de la politique en mati\u00e8re de cookies de la Clinique M\u00e9dico-Dentaire d\u2019Orallagos, accessible \u00e0 l\u2019adresse www.orallagos.pt Que sont les cookies ? Comme c\u2019est la pratique courante sur presque tous les sites Web professionnels, ce site Web utilise des cookies, qui sont de petits fichiers t\u00e9l\u00e9charg\u00e9s sur votre ordinateur [&hellip;]","og_url":"https:\/\/orallagos.pt\/cookies\/","og_site_name":"Orallagos","article_publisher":"https:\/\/www.facebook.com\/orallagosclinica","article_modified_time":"2025-11-05T13:19:05+00:00","twitter_card":"summary_large_image","twitter_misc":{"Dur\u00e9e de lecture estim\u00e9e":"5 minutes"},"schema":{"@context":"https:\/\/schema.org","@graph":[{"@type":"WebPage","@id":"https:\/\/orallagos.pt\/cookies\/","url":"https:\/\/orallagos.pt\/cookies\/","name":"Cookies - Orallagos","isPartOf":{"@id":"https:\/\/orallagos.pt\/#website"},"datePublished":"2025-10-16T00:01:23+00:00","dateModified":"2025-11-05T13:19:05+00:00","breadcrumb":{"@id":"https:\/\/orallagos.pt\/cookies\/#breadcrumb"},"inLanguage":"fr-FR","potentialAction":[{"@type":"ReadAction","target":["https:\/\/orallagos.pt\/cookies\/"]}]},{"@type":"BreadcrumbList","@id":"https:\/\/orallagos.pt\/cookies\/#breadcrumb","itemListElement":[{"@type":"ListItem","position":1,"name":"Home","item":"https:\/\/orallagos.pt\/de\/"},{"@type":"ListItem","position":2,"name":"Cookies"}]},{"@type":"WebSite","@id":"https:\/\/orallagos.pt\/#website","url":"https:\/\/orallagos.pt\/","name":"Orallagos","description":"","publisher":{"@id":"https:\/\/orallagos.pt\/#organization"},"potentialAction":[{"@type":"SearchAction","target":{"@type":"EntryPoint","urlTemplate":"https:\/\/orallagos.pt\/?s={search_term_string}"},"query-input":{"@type":"PropertyValueSpecification","valueRequired":true,"valueName":"search_term_string"}}],"inLanguage":"fr-FR"},{"@type":"Organization","@id":"https:\/\/orallagos.pt\/#organization","name":"Orallagos","url":"https:\/\/orallagos.pt\/","logo":{"@type":"ImageObject","inLanguage":"fr-FR","@id":"https:\/\/orallagos.pt\/#\/schema\/logo\/image\/","url":"https:\/\/orallagos.pt\/wp-content\/uploads\/2025\/08\/cropped-cropped-orallagos-logo-blue-.png","contentUrl":"https:\/\/orallagos.pt\/wp-content\/uploads\/2025\/08\/cropped-cropped-orallagos-logo-blue-.png","width":229,"height":63,"caption":"Orallagos"},"image":{"@id":"https:\/\/orallagos.pt\/#\/schema\/logo\/image\/"},"sameAs":["https:\/\/www.facebook.com\/orallagosclinica","https:\/\/www.instagram.com\/orallagosclinica\/","https:\/\/www.linkedin.com\/company\/orallagos---centro-dent-rio-especializado\/about\/"]}]}},"_links":{"self":[{"href":"https:\/\/orallagos.pt\/fr\/wp-json\/wp\/v2\/pages\/4589","targetHints":{"allow":["GET"]}}],"collection":[{"href":"https:\/\/orallagos.pt\/fr\/wp-json\/wp\/v2\/pages"}],"about":[{"href":"https:\/\/orallagos.pt\/fr\/wp-json\/wp\/v2\/types\/page"}],"author":[{"embeddable":true,"href":"https:\/\/orallagos.pt\/fr\/wp-json\/wp\/v2\/users\/2"}],"replies":[{"embeddable":true,"href":"https:\/\/orallagos.pt\/fr\/wp-json\/wp\/v2\/comments?post=4589"}],"version-history":[{"count":1,"href":"https:\/\/orallagos.pt\/fr\/wp-json\/wp\/v2\/pages\/4589\/revisions"}],"predecessor-version":[{"id":4590,"href":"https:\/\/orallagos.pt\/fr\/wp-json\/wp\/v2\/pages\/4589\/revisions\/4590"}],"wp:attachment":[{"href":"https:\/\/orallagos.pt\/fr\/wp-json\/wp\/v2\/media?parent=4589"}],"curies":[{"name":"wp","href":"https:\/\/api.w.org\/{rel}","templated":true}]}}