{"id":4899,"date":"2025-08-04T09:57:50","date_gmt":"2025-08-04T09:57:50","guid":{"rendered":"https:\/\/orallagos.pt\/info\/"},"modified":"2025-11-07T12:57:54","modified_gmt":"2025-11-07T12:57:54","slug":"info","status":"publish","type":"page","link":"https:\/\/orallagos.pt\/en\/info\/","title":{"rendered":"Info"},"content":{"rendered":"\t\t<div data-elementor-type=\"wp-page\" data-elementor-id=\"4899\" class=\"elementor elementor-4899 elementor-114\" data-elementor-post-type=\"page\">\n\t\t\t\t<div class=\"elementor-element elementor-element-7c0020d e-flex e-con-boxed pxl-column-none pxl-row-scroll-none pxl-zoom-point-false pxl-section-overflow-visible pxl-section-fix-none pxl-full-content-with-space-none pxl-bg-color-none pxl-section-overlay-none e-con e-parent \" data-id=\"7c0020d\" data-element_type=\"container\" data-e-type=\"container\">\t\t\t<div class=\"e-con-inner\">\r\n\t\t<div class=\"elementor-element elementor-element-1480a12 e-con-full e-flex pxl-column-none pxl-row-scroll-none pxl-zoom-point-false pxl-section-overflow-visible pxl-section-fix-none pxl-full-content-with-space-none pxl-bg-color-none pxl-section-overlay-none e-con e-child \" data-id=\"1480a12\" data-element_type=\"container\" data-e-type=\"container\">\t\t<div class=\"elementor-element elementor-element-6371298 pxl-post-layout-post-1 elementor-widget elementor-widget-pxl_post_grid\" data-id=\"6371298\" data-element_type=\"widget\" data-e-type=\"widget\" data-widget_type=\"pxl_post_grid.default\">\n\t\t\t\t<div class=\"elementor-widget-container\">\n\t\t\t\t\t\n<div id=\"pxl_post_grid-6371298-6095\" class=\"pxl-grid pxl-blog-grid pxl-blog-grid1\" data-start-page=\"1\" data-max-pages=\"2\" data-total=\"8\" data-perpage=\"6\" data-next-link=\"https:\/\/orallagos.pt\/en\/wp-json\/wp\/v2\/pages\/4899\/page\/2\/\" data-layout=\"masonry\">\n    \n    <div class=\"pxl-grid-inner pxl-grid-masonry row\" data-gutter=\"15\">\n        <div class=\"grid-sizer col-xl-4 col-lg-4 col-md-6 col-sm-6 col-12\"><\/div>\n                    <div class=\"pxl-grid-item col-xl-4 col-lg-4 col-md-6 col-sm-6 col-12 general\">\n                <div class=\"pxl-post--inner \" data-wow-duration=\"1.2s\">\n                                            <div class=\"pxl-post--featured \">\n                            <a class=\"pxl-img-link hover-imge-effect3\" href=\"https:\/\/orallagos.pt\/en\/digitally-guided-implantology\/\"><img fetchpriority=\"high\" decoding=\"async\" class=\"\" src=\"https:\/\/orallagos.pt\/wp-content\/uploads\/2026\/02\/Rectangle-23956-1380x877.png\" width=\"1380\" height=\"877\" alt=\"Rectangle 23956\" title=\"Rectangle 23956\" \/><\/a>\n                                                                                        <div class=\"pxl-item--date\">\n                                    <div class=\"pxl--date pxl-day\">12<\/div>\n                                    <div class=\"pxl--date pxl-month\">Feb<\/div>\n                                <\/div>\n                                                    <\/div>\n                                        <h4 class=\"pxl-post--title title-hover-line\"><a href=\"https:\/\/orallagos.pt\/en\/digitally-guided-implantology\/\">Digitally Guided Implantology<\/a><\/h4>\n                    <div class=\"pxl-item-content\">\n                                                                                                        <div class=\"pxl-item--tags pxl-post-list\">\n                                <a href=\"https:\/\/orallagos.pt\/en\/tag\/orthodontics\/\">\n                                    <span class=\"pxl-icon\"><i class=\"caseicon-tags\"><\/i><\/span>\n                                    Orthodontics                                <\/a>\n                            <\/div>\n                                            <\/div>\n                <\/div>\n            <\/div>\n                    <div class=\"pxl-grid-item col-xl-4 col-lg-4 col-md-6 col-sm-6 col-12 general\">\n                <div class=\"pxl-post--inner \" data-wow-duration=\"1.2s\">\n                                            <div class=\"pxl-post--featured \">\n                            <a class=\"pxl-img-link hover-imge-effect3\" href=\"https:\/\/orallagos.pt\/en\/teeth-whitening-everything-you-need-to-know-for-a-whiter-more-confident-smile\/\"><img decoding=\"async\" class=\"\" src=\"https:\/\/orallagos.pt\/wp-content\/uploads\/2026\/02\/Rectangle-23951-1380x877.jpg\" width=\"1380\" height=\"877\" alt=\"Rectangle 23951\" title=\"Rectangle 23951\" \/><\/a>\n                                                                                        <div class=\"pxl-item--date\">\n                                    <div class=\"pxl--date pxl-day\">12<\/div>\n                                    <div class=\"pxl--date pxl-month\">Feb<\/div>\n                                <\/div>\n                                                    <\/div>\n                                        <h4 class=\"pxl-post--title title-hover-line\"><a href=\"https:\/\/orallagos.pt\/en\/teeth-whitening-everything-you-need-to-know-for-a-whiter-more-confident-smile\/\">Teeth Whitening: Everything you need to know for a whiter, more confident smile<\/a><\/h4>\n                    <div class=\"pxl-item-content\">\n                                                                                                        <div class=\"pxl-item--tags pxl-post-list\">\n                                <a href=\"https:\/\/orallagos.pt\/en\/tag\/orthodontics\/\">\n                                    <span class=\"pxl-icon\"><i class=\"caseicon-tags\"><\/i><\/span>\n                                    Orthodontics                                <\/a>\n                            <\/div>\n                                            <\/div>\n                <\/div>\n            <\/div>\n                    <div class=\"pxl-grid-item col-xl-4 col-lg-4 col-md-6 col-sm-6 col-12 general\">\n                <div class=\"pxl-post--inner \" data-wow-duration=\"1.2s\">\n                                            <div class=\"pxl-post--featured \">\n                            <a class=\"pxl-img-link hover-imge-effect3\" href=\"https:\/\/orallagos.pt\/en\/orthodontics-is-adolescence-the-best-and-only-time\/\"><img decoding=\"async\" class=\"\" src=\"https:\/\/orallagos.pt\/wp-content\/uploads\/2025\/12\/pleased-woman-dental-braces-taking-selfie-scaled-1380x877.avif\" width=\"1380\" height=\"877\" alt=\"pleased-woman-dental-braces-taking-selfie\" title=\"pleased-woman-dental-braces-taking-selfie\" \/><\/a>\n                                                                                        <div class=\"pxl-item--date\">\n                                    <div class=\"pxl--date pxl-day\">3<\/div>\n                                    <div class=\"pxl--date pxl-month\">Dec<\/div>\n                                <\/div>\n                                                    <\/div>\n                                        <h4 class=\"pxl-post--title title-hover-line\"><a href=\"https:\/\/orallagos.pt\/en\/orthodontics-is-adolescence-the-best-and-only-time\/\">Orthodontics: is adolescence the best and only time?<\/a><\/h4>\n                    <div class=\"pxl-item-content\">\n                                                                                                        <div class=\"pxl-item--tags pxl-post-list\">\n                                <a href=\"https:\/\/orallagos.pt\/en\/tag\/general\/\">\n                                    <span class=\"pxl-icon\"><i class=\"caseicon-tags\"><\/i><\/span>\n                                    General                                <\/a>\n                            <\/div>\n                                            <\/div>\n                <\/div>\n            <\/div>\n                    <div class=\"pxl-grid-item col-xl-4 col-lg-4 col-md-6 col-sm-6 col-12 general\">\n                <div class=\"pxl-post--inner \" data-wow-duration=\"1.2s\">\n                                            <div class=\"pxl-post--featured \">\n                            <a class=\"pxl-img-link hover-imge-effect3\" href=\"https:\/\/orallagos.pt\/en\/sterilization-and-air-purification\/\"><img loading=\"lazy\" decoding=\"async\" class=\"\" src=\"https:\/\/orallagos.pt\/wp-content\/uploads\/2025\/10\/purificacao-ar-1200x688-1.jpg\" width=\"1200\" height=\"688\" alt=\"Purification-Air-1200x688\" title=\"Purification-Air-1200x688\" \/><\/a>\n                                                                                        <div class=\"pxl-item--date\">\n                                    <div class=\"pxl--date pxl-day\">16<\/div>\n                                    <div class=\"pxl--date pxl-month\">Aug<\/div>\n                                <\/div>\n                                                    <\/div>\n                                        <h4 class=\"pxl-post--title title-hover-line\"><a href=\"https:\/\/orallagos.pt\/en\/sterilization-and-air-purification\/\">Sterilization and air purification<\/a><\/h4>\n                    <div class=\"pxl-item-content\">\n                                                                                                        <div class=\"pxl-item--tags pxl-post-list\">\n                                <a href=\"https:\/\/orallagos.pt\/en\/tag\/general\/\">\n                                    <span class=\"pxl-icon\"><i class=\"caseicon-tags\"><\/i><\/span>\n                                    General                                <\/a>\n                            <\/div>\n                                            <\/div>\n                <\/div>\n            <\/div>\n                    <div class=\"pxl-grid-item col-xl-4 col-lg-4 col-md-6 col-sm-6 col-12 general\">\n                <div class=\"pxl-post--inner \" data-wow-duration=\"1.2s\">\n                                            <div class=\"pxl-post--featured \">\n                            <a class=\"pxl-img-link hover-imge-effect3\" href=\"https:\/\/orallagos.pt\/en\/how-to-choose-the-best-dentist-in-lagos\/\"><img loading=\"lazy\" decoding=\"async\" class=\"\" src=\"https:\/\/orallagos.pt\/wp-content\/uploads\/2025\/10\/cuidados-orais-para-turistas-1200x688-1.jpg\" width=\"1200\" height=\"688\" alt=\"oral-care-for-tourists-1200x688\" title=\"oral-care-for-tourists-1200x688\" \/><\/a>\n                                                                                        <div class=\"pxl-item--date\">\n                                    <div class=\"pxl--date pxl-day\">9<\/div>\n                                    <div class=\"pxl--date pxl-month\">Dec<\/div>\n                                <\/div>\n                                                    <\/div>\n                                        <h4 class=\"pxl-post--title title-hover-line\"><a href=\"https:\/\/orallagos.pt\/en\/how-to-choose-the-best-dentist-in-lagos\/\">How to choose the best dentist in Lagos?<\/a><\/h4>\n                    <div class=\"pxl-item-content\">\n                                                                                                        <div class=\"pxl-item--tags pxl-post-list\">\n                                <a href=\"https:\/\/orallagos.pt\/en\/tag\/general\/\">\n                                    <span class=\"pxl-icon\"><i class=\"caseicon-tags\"><\/i><\/span>\n                                    General                                <\/a>\n                            <\/div>\n                                            <\/div>\n                <\/div>\n            <\/div>\n                    <div class=\"pxl-grid-item col-xl-4 col-lg-4 col-md-6 col-sm-6 col-12 general\">\n                <div class=\"pxl-post--inner \" data-wow-duration=\"1.2s\">\n                                            <div class=\"pxl-post--featured \">\n                            <a class=\"pxl-img-link hover-imge-effect3\" href=\"https:\/\/orallagos.pt\/en\/intraoral-scanner\/\"><img loading=\"lazy\" decoding=\"async\" class=\"\" src=\"https:\/\/orallagos.pt\/wp-content\/uploads\/2020\/10\/scanner-intraoral-1200x688-1.jpg\" width=\"1200\" height=\"688\" alt=\"intraoral-scanner-1200x688\" title=\"intraoral-scanner-1200x688\" \/><\/a>\n                                                                                        <div class=\"pxl-item--date\">\n                                    <div class=\"pxl--date pxl-day\">10<\/div>\n                                    <div class=\"pxl--date pxl-month\">Oct<\/div>\n                                <\/div>\n                                                    <\/div>\n                                        <h4 class=\"pxl-post--title title-hover-line\"><a href=\"https:\/\/orallagos.pt\/en\/intraoral-scanner\/\">Intraoral Scanner<\/a><\/h4>\n                    <div class=\"pxl-item-content\">\n                                                                                                        <div class=\"pxl-item--tags pxl-post-list\">\n                                <a href=\"https:\/\/orallagos.pt\/en\/tag\/general\/\">\n                                    <span class=\"pxl-icon\"><i class=\"caseicon-tags\"><\/i><\/span>\n                                    General                                <\/a>\n                            <\/div>\n                                            <\/div>\n                <\/div>\n            <\/div>\n            <\/div>\n        <\/div>\t\t\t\t<\/div>\n\t\t\t\t<\/div>\n\t\t\t\t<\/div>\r\n\t\t\t\t\t<\/div>\r\n\t\t\t\t<\/div>\r\n\t\t\t\t<\/div>\n\t\t","protected":false},"excerpt":{"rendered":"<p>16 Aug Esteriliza\u00e7\u00e3o e purifica\u00e7\u00e3o de ar Geral 9 Dec Como escolher o melhor dentista em Lagos? Geral 10 Oct Scanner Intra-oral Geral 5 Sep Pagamentos Geral 20 Aug As nossas fotos t\u00eam crit\u00e9rios cl\u00ednicos Geral<\/p>\n","protected":false},"author":2,"featured_media":0,"parent":0,"menu_order":0,"comment_status":"closed","ping_status":"closed","template":"","meta":{"footnotes":""},"class_list":["post-4899","page","type-page","status-publish","hentry"],"yoast_head":"<!-- This site is optimized with the Yoast SEO plugin v26.9 - https:\/\/yoast.com\/product\/yoast-seo-wordpress\/ -->\n<title>Dentist Lagos Blog | Algarve Oral Health Tips<\/title>\n<meta name=\"description\" content=\"Orallagos oral health blog. Articles, tips and information about dental treatments in Lagos, Algarve.\" \/>\n<meta name=\"robots\" content=\"index, follow, max-snippet:-1, max-image-preview:large, max-video-preview:-1\" \/>\n<link rel=\"canonical\" href=\"https:\/\/orallagos.pt\/info\/\" \/>\n<meta property=\"og:locale\" content=\"en_US\" \/>\n<meta property=\"og:type\" content=\"article\" \/>\n<meta property=\"og:title\" content=\"Dentist Lagos Blog | Algarve Oral Health Tips\" \/>\n<meta property=\"og:description\" content=\"Orallagos oral health blog. Articles, tips and information about dental treatments in Lagos, Algarve.\" \/>\n<meta property=\"og:url\" content=\"https:\/\/orallagos.pt\/info\/\" \/>\n<meta property=\"og:site_name\" content=\"Orallagos\" \/>\n<meta property=\"article:publisher\" content=\"https:\/\/www.facebook.com\/orallagosclinica\" \/>\n<meta property=\"article:modified_time\" content=\"2025-11-07T12:57:54+00:00\" \/>\n<meta property=\"og:image\" content=\"https:\/\/orallagos.pt\/wp-content\/uploads\/2025\/10\/purificacao-ar-1200x688-1.jpg\" \/>\n<meta name=\"twitter:card\" content=\"summary_large_image\" \/>\n<script type=\"application\/ld+json\" class=\"yoast-schema-graph\">{\"@context\":\"https:\/\/schema.org\",\"@graph\":[{\"@type\":\"WebPage\",\"@id\":\"https:\/\/orallagos.pt\/info\/\",\"url\":\"https:\/\/orallagos.pt\/info\/\",\"name\":\"Dentist Lagos Blog | Algarve Oral Health Tips\",\"isPartOf\":{\"@id\":\"https:\/\/orallagos.pt\/#website\"},\"primaryImageOfPage\":{\"@id\":\"https:\/\/orallagos.pt\/info\/#primaryimage\"},\"image\":{\"@id\":\"https:\/\/orallagos.pt\/info\/#primaryimage\"},\"thumbnailUrl\":\"https:\/\/orallagos.pt\/wp-content\/uploads\/2025\/10\/purificacao-ar-1200x688-1.jpg\",\"datePublished\":\"2025-08-04T09:57:50+00:00\",\"dateModified\":\"2025-11-07T12:57:54+00:00\",\"description\":\"Orallagos oral health blog. Articles, tips and information about dental treatments in Lagos, Algarve.\",\"breadcrumb\":{\"@id\":\"https:\/\/orallagos.pt\/info\/#breadcrumb\"},\"inLanguage\":\"en-US\",\"potentialAction\":[{\"@type\":\"ReadAction\",\"target\":[\"https:\/\/orallagos.pt\/info\/\"]}]},{\"@type\":\"ImageObject\",\"inLanguage\":\"en-US\",\"@id\":\"https:\/\/orallagos.pt\/info\/#primaryimage\",\"url\":\"https:\/\/orallagos.pt\/wp-content\/uploads\/2025\/10\/purificacao-ar-1200x688-1.jpg\",\"contentUrl\":\"https:\/\/orallagos.pt\/wp-content\/uploads\/2025\/10\/purificacao-ar-1200x688-1.jpg\"},{\"@type\":\"BreadcrumbList\",\"@id\":\"https:\/\/orallagos.pt\/info\/#breadcrumb\",\"itemListElement\":[{\"@type\":\"ListItem\",\"position\":1,\"name\":\"Home\",\"item\":\"https:\/\/orallagos.pt\/de\/\"},{\"@type\":\"ListItem\",\"position\":2,\"name\":\"Info\"}]},{\"@type\":\"WebSite\",\"@id\":\"https:\/\/orallagos.pt\/#website\",\"url\":\"https:\/\/orallagos.pt\/\",\"name\":\"Orallagos\",\"description\":\"\",\"publisher\":{\"@id\":\"https:\/\/orallagos.pt\/#organization\"},\"potentialAction\":[{\"@type\":\"SearchAction\",\"target\":{\"@type\":\"EntryPoint\",\"urlTemplate\":\"https:\/\/orallagos.pt\/?s={search_term_string}\"},\"query-input\":{\"@type\":\"PropertyValueSpecification\",\"valueRequired\":true,\"valueName\":\"search_term_string\"}}],\"inLanguage\":\"en-US\"},{\"@type\":\"Organization\",\"@id\":\"https:\/\/orallagos.pt\/#organization\",\"name\":\"Orallagos\",\"url\":\"https:\/\/orallagos.pt\/\",\"logo\":{\"@type\":\"ImageObject\",\"inLanguage\":\"en-US\",\"@id\":\"https:\/\/orallagos.pt\/#\/schema\/logo\/image\/\",\"url\":\"https:\/\/orallagos.pt\/wp-content\/uploads\/2025\/08\/cropped-cropped-orallagos-logo-blue-.png\",\"contentUrl\":\"https:\/\/orallagos.pt\/wp-content\/uploads\/2025\/08\/cropped-cropped-orallagos-logo-blue-.png\",\"width\":229,\"height\":63,\"caption\":\"Orallagos\"},\"image\":{\"@id\":\"https:\/\/orallagos.pt\/#\/schema\/logo\/image\/\"},\"sameAs\":[\"https:\/\/www.facebook.com\/orallagosclinica\",\"https:\/\/www.instagram.com\/orallagosclinica\/\",\"https:\/\/www.linkedin.com\/company\/orallagos---centro-dent-rio-especializado\/about\/\"]}]}<\/script>\n<!-- \/ Yoast SEO plugin. -->","yoast_head_json":{"title":"Dentist Lagos Blog | Algarve Oral Health Tips","description":"Orallagos oral health blog. Articles, tips and information about dental treatments in Lagos, Algarve.","robots":{"index":"index","follow":"follow","max-snippet":"max-snippet:-1","max-image-preview":"max-image-preview:large","max-video-preview":"max-video-preview:-1"},"canonical":"https:\/\/orallagos.pt\/info\/","og_locale":"en_US","og_type":"article","og_title":"Dentist Lagos Blog | Algarve Oral Health Tips","og_description":"Orallagos oral health blog. Articles, tips and information about dental treatments in Lagos, Algarve.","og_url":"https:\/\/orallagos.pt\/info\/","og_site_name":"Orallagos","article_publisher":"https:\/\/www.facebook.com\/orallagosclinica","article_modified_time":"2025-11-07T12:57:54+00:00","og_image":[{"url":"https:\/\/orallagos.pt\/wp-content\/uploads\/2025\/10\/purificacao-ar-1200x688-1.jpg","type":"","width":"","height":""}],"twitter_card":"summary_large_image","schema":{"@context":"https:\/\/schema.org","@graph":[{"@type":"WebPage","@id":"https:\/\/orallagos.pt\/info\/","url":"https:\/\/orallagos.pt\/info\/","name":"Dentist Lagos Blog | Algarve Oral Health Tips","isPartOf":{"@id":"https:\/\/orallagos.pt\/#website"},"primaryImageOfPage":{"@id":"https:\/\/orallagos.pt\/info\/#primaryimage"},"image":{"@id":"https:\/\/orallagos.pt\/info\/#primaryimage"},"thumbnailUrl":"https:\/\/orallagos.pt\/wp-content\/uploads\/2025\/10\/purificacao-ar-1200x688-1.jpg","datePublished":"2025-08-04T09:57:50+00:00","dateModified":"2025-11-07T12:57:54+00:00","description":"Orallagos oral health blog. Articles, tips and information about dental treatments in Lagos, Algarve.","breadcrumb":{"@id":"https:\/\/orallagos.pt\/info\/#breadcrumb"},"inLanguage":"en-US","potentialAction":[{"@type":"ReadAction","target":["https:\/\/orallagos.pt\/info\/"]}]},{"@type":"ImageObject","inLanguage":"en-US","@id":"https:\/\/orallagos.pt\/info\/#primaryimage","url":"https:\/\/orallagos.pt\/wp-content\/uploads\/2025\/10\/purificacao-ar-1200x688-1.jpg","contentUrl":"https:\/\/orallagos.pt\/wp-content\/uploads\/2025\/10\/purificacao-ar-1200x688-1.jpg"},{"@type":"BreadcrumbList","@id":"https:\/\/orallagos.pt\/info\/#breadcrumb","itemListElement":[{"@type":"ListItem","position":1,"name":"Home","item":"https:\/\/orallagos.pt\/de\/"},{"@type":"ListItem","position":2,"name":"Info"}]},{"@type":"WebSite","@id":"https:\/\/orallagos.pt\/#website","url":"https:\/\/orallagos.pt\/","name":"Orallagos","description":"","publisher":{"@id":"https:\/\/orallagos.pt\/#organization"},"potentialAction":[{"@type":"SearchAction","target":{"@type":"EntryPoint","urlTemplate":"https:\/\/orallagos.pt\/?s={search_term_string}"},"query-input":{"@type":"PropertyValueSpecification","valueRequired":true,"valueName":"search_term_string"}}],"inLanguage":"en-US"},{"@type":"Organization","@id":"https:\/\/orallagos.pt\/#organization","name":"Orallagos","url":"https:\/\/orallagos.pt\/","logo":{"@type":"ImageObject","inLanguage":"en-US","@id":"https:\/\/orallagos.pt\/#\/schema\/logo\/image\/","url":"https:\/\/orallagos.pt\/wp-content\/uploads\/2025\/08\/cropped-cropped-orallagos-logo-blue-.png","contentUrl":"https:\/\/orallagos.pt\/wp-content\/uploads\/2025\/08\/cropped-cropped-orallagos-logo-blue-.png","width":229,"height":63,"caption":"Orallagos"},"image":{"@id":"https:\/\/orallagos.pt\/#\/schema\/logo\/image\/"},"sameAs":["https:\/\/www.facebook.com\/orallagosclinica","https:\/\/www.instagram.com\/orallagosclinica\/","https:\/\/www.linkedin.com\/company\/orallagos---centro-dent-rio-especializado\/about\/"]}]}},"_links":{"self":[{"href":"https:\/\/orallagos.pt\/en\/wp-json\/wp\/v2\/pages\/4899","targetHints":{"allow":["GET"]}}],"collection":[{"href":"https:\/\/orallagos.pt\/en\/wp-json\/wp\/v2\/pages"}],"about":[{"href":"https:\/\/orallagos.pt\/en\/wp-json\/wp\/v2\/types\/page"}],"author":[{"embeddable":true,"href":"https:\/\/orallagos.pt\/en\/wp-json\/wp\/v2\/users\/2"}],"replies":[{"embeddable":true,"href":"https:\/\/orallagos.pt\/en\/wp-json\/wp\/v2\/comments?post=4899"}],"version-history":[{"count":2,"href":"https:\/\/orallagos.pt\/en\/wp-json\/wp\/v2\/pages\/4899\/revisions"}],"predecessor-version":[{"id":6258,"href":"https:\/\/orallagos.pt\/en\/wp-json\/wp\/v2\/pages\/4899\/revisions\/6258"}],"wp:attachment":[{"href":"https:\/\/orallagos.pt\/en\/wp-json\/wp\/v2\/media?parent=4899"}],"curies":[{"name":"wp","href":"https:\/\/api.w.org\/{rel}","templated":true}]}}