{"id":4587,"date":"2025-10-16T00:01:23","date_gmt":"2025-10-16T00:01:23","guid":{"rendered":"https:\/\/orallagos.pt\/cookies\/"},"modified":"2025-11-05T13:19:05","modified_gmt":"2025-11-05T13:19:05","slug":"cookies","status":"publish","type":"page","link":"https:\/\/orallagos.pt\/de\/cookies\/","title":{"rendered":"Cookies"},"content":{"rendered":"\t\t<div data-elementor-type=\"wp-page\" data-elementor-id=\"4587\" class=\"elementor elementor-4587 elementor-3565\" data-elementor-post-type=\"page\">\n\t\t\t\t<div class=\"elementor-element elementor-element-b31a0c5 e-flex e-con-boxed pxl-column-none pxl-row-scroll-none pxl-zoom-point-false pxl-section-overflow-visible pxl-section-fix-none pxl-full-content-with-space-none pxl-bg-color-none pxl-section-overlay-none e-con e-parent \" data-id=\"b31a0c5\" data-element_type=\"container\" data-e-type=\"container\">\t\t\t<div class=\"e-con-inner\">\r\n\t\t\t\t<div class=\"elementor-element elementor-element-652167f elementor-widget elementor-widget-spacer\" data-id=\"652167f\" data-element_type=\"widget\" data-e-type=\"widget\" data-widget_type=\"spacer.default\">\n\t\t\t\t\t\t\t<div class=\"elementor-spacer\">\n\t\t\t<div class=\"elementor-spacer-inner\"><\/div>\n\t\t<\/div>\n\t\t\t\t\t\t<\/div>\n\t\t\t\t<div class=\"elementor-element elementor-element-4ac028e elementor-widget elementor-widget-text-editor\" data-id=\"4ac028e\" data-element_type=\"widget\" data-e-type=\"widget\" data-widget_type=\"text-editor.default\">\n\t\t\t\t\t\t\t\t\t<header class=\"entry-header \"><h1 class=\"entry-title\">Cookie-Richtlinie<\/h1><\/header><div class=\"entry-content clear\"><p>Dies ist die Cookie-Richtlinie der Orallagos Medical Dental Clinic, die unter www.orallagos.pt<\/p><div class=\"wp-block-spacer\" aria-hidden=\"true\"> <\/div><h2 class=\"wp-block-heading\">Was sind Cookies?<\/h2><p>Wie auf fast allen professionellen Websites \u00fcblich, verwendet diese Website Cookies, d.h. kleine Dateien, die auf Ihren Computer heruntergeladen werden, damit wir Ihr Surferlebnis verbessern k\u00f6nnen. Auf dieser Seite wird beschrieben, welche Informationen diese Cookies sammeln, wie wir sie verwenden und warum wir diese Cookies manchmal speichern m\u00fcssen. Wir zeigen Ihnen auch, wie Sie verhindern k\u00f6nnen, dass diese Cookies gespeichert werden, was jedoch bestimmte Elemente der Funktionalit\u00e4t der Website beeintr\u00e4chtigen oder &#8220;unterbrechen&#8221; kann.  <\/p><div class=\"wp-block-spacer\" aria-hidden=\"true\"> <\/div><h2 class=\"wp-block-heading\">Wie verwenden wir Cookies?<\/h2><p>Wir verwenden Cookies aus einer Vielzahl von Gr\u00fcnden, die wir im Folgenden vorstellen. Leider bietet die Branche in den meisten F\u00e4llen keine Standardoptionen f\u00fcr die Deaktivierung von Cookies an, ohne die Funktionen und Merkmale, die Cookies dieser Website hinzuf\u00fcgen, vollst\u00e4ndig zu deaktivieren. Daher wird empfohlen, dass Sie alle Cookies aktiviert lassen, wenn Sie sich nicht sicher sind, ob Sie sie ben\u00f6tigen, da sie m\u00f6glicherweise verwendet werden, um einen von Ihnen genutzten Dienst bereitzustellen.  <\/p><div class=\"wp-block-spacer\" aria-hidden=\"true\"> <\/div><h2 class=\"wp-block-heading\">Deaktivieren von Cookies<\/h2><p>Sie k\u00f6nnen das Setzen von Cookies verhindern, indem Sie Ihre Browsereinstellungen anpassen (Informationen dazu finden Sie in der Hilfe Ihres Browsers). Sie sollten sich dar\u00fcber im Klaren sein, dass die Deaktivierung von Cookies die Funktionalit\u00e4t dieser und vieler anderer Websites, die Sie besuchen, beeintr\u00e4chtigt. Die Deaktivierung von Cookies f\u00fchrt in der Regel dazu, dass bestimmte Funktionen und Merkmale dieser Website deaktiviert werden. Daher wird empfohlen, Cookies nicht zu deaktivieren.   <\/p><div class=\"wp-block-spacer\" aria-hidden=\"true\"> <\/div><h4 class=\"wp-block-heading\">Cookie-Einstellungen verwalten<\/h4><p>Sie k\u00f6nnen Ihre Cookies \u00fcber Ihre Browsereinstellungen verwalten, die in der Regel \u00fcber das Men\u00fc &#8220;Optionen&#8221; oder &#8220;Einstellungen&#8221; verf\u00fcgbar sind. Die folgenden Links helfen Ihnen, die f\u00fcr einige Browser verf\u00fcgbaren Einstellungen besser zu verstehen. Das &#8220;Hilfe&#8221;-Men\u00fc Ihres Browsers vervollst\u00e4ndigt diese Informationen.  <\/p><ul class=\"wp-block-list\"><li><a href=\"https:\/\/support.microsoft.com\/en-us\/help\/17442\/windows-internet-explorer-delete-manage-cookies\" target=\"_blank\" rel=\"noopener\">Cookie-Einstellungen im Internet Explorer<\/a><\/li><li><a href=\"https:\/\/support.mozilla.org\/en-US\/kb\/enable-and-disable-cookies-website-preferences\" target=\"_blank\" rel=\"noopener\">Cookie-Einstellungen in Firefox<\/a><\/li><li><a href=\"https:\/\/support.google.com\/chrome\/answer\/95647?hl=en\" target=\"_blank\" rel=\"noopener\">Cookie-Einstellungen in Chrome<\/a><\/li><li><a href=\"https:\/\/support.apple.com\/en-gb\/guide\/safari\/sfri11471\/mac\" target=\"_blank\" rel=\"noopener\">Cookie-Einstellungen in Safari<\/a><\/li><\/ul><div class=\"wp-block-spacer\" aria-hidden=\"true\"> <\/div><h4 class=\"wp-block-heading\">Mehr Informationen<\/h4><p>Weitere Informationen zu Cookies, einschlie\u00dflich der Einstellung Ihres Browsers zum Ablehnen von Cookies, finden Sie unter <a href=\"https:\/\/www.allaboutcookies.org\/\" target=\"_blank\" rel=\"noopener\">Alles \u00fcber Cookies.<\/a><\/p><div class=\"wp-block-spacer\" aria-hidden=\"true\"> <\/div><h2 class=\"wp-block-heading\">Die Cookies, die wir setzen<\/h2><h4 class=\"wp-block-heading\">Cookies im Zusammenhang mit E-Mail-Newslettern<\/h4><p>Diese Website bietet Newsletter oder E-Mail-Abonnementdienste an, und Cookies k\u00f6nnen verwendet werden, um sich daran zu erinnern, ob Sie bereits registriert sind und ob Sie bestimmte Benachrichtigungen anzeigen m\u00f6chten, die m\u00f6glicherweise nur f\u00fcr abonnierte\/abgemeldete Benutzer g\u00fcltig sind.<\/p><div class=\"wp-block-spacer\" aria-hidden=\"true\"> <\/div><h4 class=\"wp-block-heading\">Forschungsbezogene Cookies<\/h4><p>Von Zeit zu Zeit bieten wir Nutzerumfragen und Frageb\u00f6gen an, um Ihnen interessante Einblicke und n\u00fctzliche Tools zu liefern oder unsere Nutzerbasis besser zu verstehen. Diese Umfragen k\u00f6nnen Cookies verwenden, um sich daran zu erinnern, wer bereits an einer Umfrage teilgenommen hat, oder um nach dem Seitenwechsel genaue Ergebnisse zu liefern. <\/p><div class=\"wp-block-spacer\" aria-hidden=\"true\"> <\/div><h4 class=\"wp-block-heading\">Formularbezogene Cookies<\/h4><p>Wenn Sie Daten \u00fcber ein Formular \u00fcbermitteln, wie es z. B. auf Kontaktseiten zu finden ist, k\u00f6nnen Cookies gesetzt werden, um Ihre Benutzerdaten f\u00fcr zuk\u00fcnftige Korrespondenz zu speichern.<\/p><div class=\"wp-block-spacer\" aria-hidden=\"true\"> <\/div><h4 class=\"wp-block-heading\">Cookies von Drittanbietern<\/h4><p>In einigen besonderen F\u00e4llen verwenden wir auch Cookies, die von vertrauensw\u00fcrdigen Dritten bereitgestellt werden. Im folgenden Abschnitt wird beschrieben, auf welche Cookies von Drittanbietern Sie auf dieser Website sto\u00dfen k\u00f6nnen. <\/p><p>Diese Website verwendet Google Analytics, eine der am weitesten verbreiteten und vertrauensw\u00fcrdigsten Analysel\u00f6sungen im Internet, um uns zu helfen, zu verstehen, wie Sie die Website nutzen und wie wir Ihre Benutzererfahrung verbessern k\u00f6nnen. Diese Cookies k\u00f6nnen Dinge wie die Zeit, die Sie auf der Website verbringen, und die Seiten, die Sie besuchen, verfolgen, damit wir weiterhin ansprechende Inhalte erstellen k\u00f6nnen. <\/p><p>Von Zeit zu Zeit testen wir neue Funktionen und nehmen geringf\u00fcgige \u00c4nderungen an der Art und Weise vor, wie die Website bereitgestellt wird. Wenn wir noch neue Funktionen testen, k\u00f6nnen diese Cookies verwendet werden, um sicherzustellen, dass Sie auf der Website ein konsistentes Erlebnis erhalten, und um sicherzustellen, dass wir verstehen, welche Optimierungen unsere Benutzer am meisten sch\u00e4tzen. <\/p><p>Wir verwenden auf dieser Website auch Social-Media-Schaltfl\u00e4chen und\/oder Plug-Ins, die es Ihnen erm\u00f6glichen, sich auf verschiedene Weise mit Ihrem sozialen Netzwerk zu verbinden. Damit diese funktionieren, umfassen die folgenden Social-Media-Websites: Facebook und Instagram setzen Cookies \u00fcber unsere Website, die verwendet werden k\u00f6nnen, um Ihr Profil auf ihrer Website zu verbessern oder zu den Daten beizutragen, die sie f\u00fcr verschiedene Zwecke speichern, die in ihren jeweiligen Datenschutzrichtlinien beschrieben sind. <\/p><ul class=\"wp-block-list\"><li>Weitere Informationen zur <a href=\"https:\/\/www.facebook.com\/policies\/cookies\/\" target=\"_blank\" rel=\"noopener\" data-type=\"URL\" data-id=\"https:\/\/www.facebook.com\/policies\/cookies\/\">Datenverarbeitung und Cookie-Richtlinie von Facebook<\/a> finden Sie hier.<\/li><li>Weitere Informationen zur <a href=\"https:\/\/www.google.com\/policies\/privacy\/partners\/\" target=\"_blank\" rel=\"noopener\">Datenerfassung durch Google Analytics<\/a> erhalten Sie<\/li><li>Weitere Informationen zur <a href=\"https:\/\/policies.google.com\/privacy\" target=\"_blank\" rel=\"noopener\">Datenerhebung durch Youtube<\/a> erhalten Sie<\/li><li>Mehr zur <a href=\"https:\/\/privacycenter.instagram.com\/policy\/?entry_point=ig_help_center_data_policy_redirect\" target=\"_blank\" rel=\"noopener\">Datenerhebung durch Instagram<\/a> erfahren Sie<\/li><li>Weitere Informationen zur <a href=\"https:\/\/www.linkedin.com\/legal\/privacy-policy?_l=pt_PT\" target=\"_blank\" rel=\"noopener\">Datenerhebung erhalten Sie bei Linkedin<\/a><\/li><\/ul><div class=\"wp-block-spacer\" aria-hidden=\"true\"> <\/div><h2 class=\"wp-block-heading\">Aktualisierungen dieser Cookie-Richtlinie<\/h2><p>Wir k\u00f6nnen diese Cookie-Richtlinie von Zeit zu Zeit \u00e4ndern, um gesetzliche \u00c4nderungen und\/oder Gesch\u00e4ftspraktiken widerzuspiegeln, und allen Benutzern wird empfohlen, sie regelm\u00e4\u00dfig zu \u00fcberpr\u00fcfen.<\/p><div class=\"wp-block-spacer\" aria-hidden=\"true\"> <\/div><h2 class=\"wp-block-heading\">Mehr Informationen<\/h2><p>Wir hoffen, dass dies die Dinge gekl\u00e4rt hat, und wie bereits erw\u00e4hnt, ist es in der Regel sicherer, Cookies aktiviert zu lassen, wenn Sie sich nicht sicher sind, ob Sie sie ben\u00f6tigen oder nicht, falls Sie mit einer der Funktionen interagieren, die Sie auf unserer Website verwenden.<\/p><p>Wenn Sie noch weitere Informationen ben\u00f6tigen, kontaktieren Sie uns bitte \u00fcber eine unserer bevorzugten Kontaktmethoden:<\/p><p>E-Mail: <strong><a href=\"mailto:orallagos@orallagos.pt\">orallagos@orallagos.pt<\/a><\/strong><\/p><\/div>\t\t\t\t\t\t\t\t<\/div>\n\t\t\t\t<div class=\"elementor-element elementor-element-6f8d0af elementor-widget elementor-widget-spacer\" data-id=\"6f8d0af\" data-element_type=\"widget\" data-e-type=\"widget\" data-widget_type=\"spacer.default\">\n\t\t\t\t\t\t\t<div class=\"elementor-spacer\">\n\t\t\t<div class=\"elementor-spacer-inner\"><\/div>\n\t\t<\/div>\n\t\t\t\t\t\t<\/div>\n\t\t\t\t\t<\/div>\r\n\t\t\t\t<\/div>\r\n\t\t\t\t<\/div>\n\t\t","protected":false},"excerpt":{"rendered":"<p>Cookie-Richtlinie Dies ist die Cookie-Richtlinie der Orallagos Medical Dental Clinic, die unter www.orallagos.pt Was sind Cookies? Wie auf fast allen professionellen Websites \u00fcblich, verwendet diese Website Cookies, d.h. kleine Dateien, die auf Ihren Computer heruntergeladen werden, damit wir Ihr Surferlebnis verbessern k\u00f6nnen. Auf dieser Seite wird beschrieben, welche Informationen diese Cookies sammeln, wie wir sie [&hellip;]<\/p>\n","protected":false},"author":2,"featured_media":0,"parent":0,"menu_order":0,"comment_status":"closed","ping_status":"closed","template":"","meta":{"footnotes":""},"class_list":["post-4587","page","type-page","status-publish","hentry"],"yoast_head":"<!-- This site is optimized with the Yoast SEO plugin v26.9 - https:\/\/yoast.com\/product\/yoast-seo-wordpress\/ -->\n<title>Cookies - Orallagos<\/title>\n<meta name=\"robots\" content=\"index, follow, max-snippet:-1, max-image-preview:large, max-video-preview:-1\" \/>\n<link rel=\"canonical\" href=\"https:\/\/orallagos.pt\/cookies\/\" \/>\n<meta property=\"og:locale\" content=\"de_DE\" \/>\n<meta property=\"og:type\" content=\"article\" \/>\n<meta property=\"og:title\" content=\"Cookies - Orallagos\" \/>\n<meta property=\"og:description\" content=\"Cookie-Richtlinie Dies ist die Cookie-Richtlinie der Orallagos Medical Dental Clinic, die unter www.orallagos.pt Was sind Cookies? Wie auf fast allen professionellen Websites \u00fcblich, verwendet diese Website Cookies, d.h. kleine Dateien, die auf Ihren Computer heruntergeladen werden, damit wir Ihr Surferlebnis verbessern k\u00f6nnen. Auf dieser Seite wird beschrieben, welche Informationen diese Cookies sammeln, wie wir sie [&hellip;]\" \/>\n<meta property=\"og:url\" content=\"https:\/\/orallagos.pt\/cookies\/\" \/>\n<meta property=\"og:site_name\" content=\"Orallagos\" \/>\n<meta property=\"article:publisher\" content=\"https:\/\/www.facebook.com\/orallagosclinica\" \/>\n<meta property=\"article:modified_time\" content=\"2025-11-05T13:19:05+00:00\" \/>\n<meta name=\"twitter:card\" content=\"summary_large_image\" \/>\n<meta name=\"twitter:label1\" content=\"Gesch\u00e4tzte Lesezeit\" \/>\n\t<meta name=\"twitter:data1\" content=\"4\u00a0Minuten\" \/>\n<script type=\"application\/ld+json\" class=\"yoast-schema-graph\">{\"@context\":\"https:\/\/schema.org\",\"@graph\":[{\"@type\":\"WebPage\",\"@id\":\"https:\/\/orallagos.pt\/cookies\/\",\"url\":\"https:\/\/orallagos.pt\/cookies\/\",\"name\":\"Cookies - Orallagos\",\"isPartOf\":{\"@id\":\"https:\/\/orallagos.pt\/#website\"},\"datePublished\":\"2025-10-16T00:01:23+00:00\",\"dateModified\":\"2025-11-05T13:19:05+00:00\",\"breadcrumb\":{\"@id\":\"https:\/\/orallagos.pt\/cookies\/#breadcrumb\"},\"inLanguage\":\"de\",\"potentialAction\":[{\"@type\":\"ReadAction\",\"target\":[\"https:\/\/orallagos.pt\/cookies\/\"]}]},{\"@type\":\"BreadcrumbList\",\"@id\":\"https:\/\/orallagos.pt\/cookies\/#breadcrumb\",\"itemListElement\":[{\"@type\":\"ListItem\",\"position\":1,\"name\":\"Home\",\"item\":\"https:\/\/orallagos.pt\/de\/\"},{\"@type\":\"ListItem\",\"position\":2,\"name\":\"Cookies\"}]},{\"@type\":\"WebSite\",\"@id\":\"https:\/\/orallagos.pt\/#website\",\"url\":\"https:\/\/orallagos.pt\/\",\"name\":\"Orallagos\",\"description\":\"\",\"publisher\":{\"@id\":\"https:\/\/orallagos.pt\/#organization\"},\"potentialAction\":[{\"@type\":\"SearchAction\",\"target\":{\"@type\":\"EntryPoint\",\"urlTemplate\":\"https:\/\/orallagos.pt\/?s={search_term_string}\"},\"query-input\":{\"@type\":\"PropertyValueSpecification\",\"valueRequired\":true,\"valueName\":\"search_term_string\"}}],\"inLanguage\":\"de\"},{\"@type\":\"Organization\",\"@id\":\"https:\/\/orallagos.pt\/#organization\",\"name\":\"Orallagos\",\"url\":\"https:\/\/orallagos.pt\/\",\"logo\":{\"@type\":\"ImageObject\",\"inLanguage\":\"de\",\"@id\":\"https:\/\/orallagos.pt\/#\/schema\/logo\/image\/\",\"url\":\"https:\/\/orallagos.pt\/wp-content\/uploads\/2025\/08\/cropped-cropped-orallagos-logo-blue-.png\",\"contentUrl\":\"https:\/\/orallagos.pt\/wp-content\/uploads\/2025\/08\/cropped-cropped-orallagos-logo-blue-.png\",\"width\":229,\"height\":63,\"caption\":\"Orallagos\"},\"image\":{\"@id\":\"https:\/\/orallagos.pt\/#\/schema\/logo\/image\/\"},\"sameAs\":[\"https:\/\/www.facebook.com\/orallagosclinica\",\"https:\/\/www.instagram.com\/orallagosclinica\/\",\"https:\/\/www.linkedin.com\/company\/orallagos---centro-dent-rio-especializado\/about\/\"]}]}<\/script>\n<!-- \/ Yoast SEO plugin. -->","yoast_head_json":{"title":"Cookies - Orallagos","robots":{"index":"index","follow":"follow","max-snippet":"max-snippet:-1","max-image-preview":"max-image-preview:large","max-video-preview":"max-video-preview:-1"},"canonical":"https:\/\/orallagos.pt\/cookies\/","og_locale":"de_DE","og_type":"article","og_title":"Cookies - Orallagos","og_description":"Cookie-Richtlinie Dies ist die Cookie-Richtlinie der Orallagos Medical Dental Clinic, die unter www.orallagos.pt Was sind Cookies? Wie auf fast allen professionellen Websites \u00fcblich, verwendet diese Website Cookies, d.h. kleine Dateien, die auf Ihren Computer heruntergeladen werden, damit wir Ihr Surferlebnis verbessern k\u00f6nnen. Auf dieser Seite wird beschrieben, welche Informationen diese Cookies sammeln, wie wir sie [&hellip;]","og_url":"https:\/\/orallagos.pt\/cookies\/","og_site_name":"Orallagos","article_publisher":"https:\/\/www.facebook.com\/orallagosclinica","article_modified_time":"2025-11-05T13:19:05+00:00","twitter_card":"summary_large_image","twitter_misc":{"Gesch\u00e4tzte Lesezeit":"4\u00a0Minuten"},"schema":{"@context":"https:\/\/schema.org","@graph":[{"@type":"WebPage","@id":"https:\/\/orallagos.pt\/cookies\/","url":"https:\/\/orallagos.pt\/cookies\/","name":"Cookies - Orallagos","isPartOf":{"@id":"https:\/\/orallagos.pt\/#website"},"datePublished":"2025-10-16T00:01:23+00:00","dateModified":"2025-11-05T13:19:05+00:00","breadcrumb":{"@id":"https:\/\/orallagos.pt\/cookies\/#breadcrumb"},"inLanguage":"de","potentialAction":[{"@type":"ReadAction","target":["https:\/\/orallagos.pt\/cookies\/"]}]},{"@type":"BreadcrumbList","@id":"https:\/\/orallagos.pt\/cookies\/#breadcrumb","itemListElement":[{"@type":"ListItem","position":1,"name":"Home","item":"https:\/\/orallagos.pt\/de\/"},{"@type":"ListItem","position":2,"name":"Cookies"}]},{"@type":"WebSite","@id":"https:\/\/orallagos.pt\/#website","url":"https:\/\/orallagos.pt\/","name":"Orallagos","description":"","publisher":{"@id":"https:\/\/orallagos.pt\/#organization"},"potentialAction":[{"@type":"SearchAction","target":{"@type":"EntryPoint","urlTemplate":"https:\/\/orallagos.pt\/?s={search_term_string}"},"query-input":{"@type":"PropertyValueSpecification","valueRequired":true,"valueName":"search_term_string"}}],"inLanguage":"de"},{"@type":"Organization","@id":"https:\/\/orallagos.pt\/#organization","name":"Orallagos","url":"https:\/\/orallagos.pt\/","logo":{"@type":"ImageObject","inLanguage":"de","@id":"https:\/\/orallagos.pt\/#\/schema\/logo\/image\/","url":"https:\/\/orallagos.pt\/wp-content\/uploads\/2025\/08\/cropped-cropped-orallagos-logo-blue-.png","contentUrl":"https:\/\/orallagos.pt\/wp-content\/uploads\/2025\/08\/cropped-cropped-orallagos-logo-blue-.png","width":229,"height":63,"caption":"Orallagos"},"image":{"@id":"https:\/\/orallagos.pt\/#\/schema\/logo\/image\/"},"sameAs":["https:\/\/www.facebook.com\/orallagosclinica","https:\/\/www.instagram.com\/orallagosclinica\/","https:\/\/www.linkedin.com\/company\/orallagos---centro-dent-rio-especializado\/about\/"]}]}},"_links":{"self":[{"href":"https:\/\/orallagos.pt\/de\/wp-json\/wp\/v2\/pages\/4587","targetHints":{"allow":["GET"]}}],"collection":[{"href":"https:\/\/orallagos.pt\/de\/wp-json\/wp\/v2\/pages"}],"about":[{"href":"https:\/\/orallagos.pt\/de\/wp-json\/wp\/v2\/types\/page"}],"author":[{"embeddable":true,"href":"https:\/\/orallagos.pt\/de\/wp-json\/wp\/v2\/users\/2"}],"replies":[{"embeddable":true,"href":"https:\/\/orallagos.pt\/de\/wp-json\/wp\/v2\/comments?post=4587"}],"version-history":[{"count":1,"href":"https:\/\/orallagos.pt\/de\/wp-json\/wp\/v2\/pages\/4587\/revisions"}],"predecessor-version":[{"id":4588,"href":"https:\/\/orallagos.pt\/de\/wp-json\/wp\/v2\/pages\/4587\/revisions\/4588"}],"wp:attachment":[{"href":"https:\/\/orallagos.pt\/de\/wp-json\/wp\/v2\/media?parent=4587"}],"curies":[{"name":"wp","href":"https:\/\/api.w.org\/{rel}","templated":true}]}}